{"id":12499,"date":"2026-03-21T14:56:08","date_gmt":"2026-03-21T19:56:08","guid":{"rendered":"https:\/\/cruzcartrade.com\/?post_type=product&#038;p=12499"},"modified":"2026-03-21T15:02:27","modified_gmt":"2026-03-21T20:02:27","slug":"interruptor-control-luces-freightliner-columbia-modelo-2001-al-2011","status":"publish","type":"product","link":"https:\/\/cruzcartrade.com\/en\/product\/interruptor-control-luces-freightliner-columbia-modelo-2001-al-2011\/","title":{"rendered":"Interruptor Control Luces Freightliner Columbia Modelo 2001 Al 2011"},"content":{"rendered":"<p><span data-sheets-root=\"1\">INTERRUPTOR SWITCH CONTROL DE LUCES FREIGHTLINER, M2, COLUMBIA MODELOS DEL 2001 AL 2011, DELANTERO, IMPORTADO. Somos CRUZ CAR TRADE S.A.S. Comercializadora de autopartes y repuestos para veh\u00edculos livianos y pesados. Ubicaci\u00f3n: Fontib\u00f3n Bogot\u00e1, Horario de atenci\u00f3n de lunes a s\u00e1bado de 8:00am a 5:00pm. (Las fotos de las publicaciones son de uso exclusivo y propiedad CRUZ CAR TRADE S.A.S.)<\/span><\/p>","protected":false},"excerpt":{"rendered":"<p><span data-sheets-root=\"1\">INTERRUPTOR SWITCH CONTROL DE LUCES FREIGHTLINER, M2, COLUMBIA MODELOS DEL 2001 AL 2011, DELANTERO, IMPORTADO. Somos CRUZ CAR TRADE S.A.S. Comercializadora de autopartes y repuestos para veh\u00edculos livianos y pesados. Ubicaci\u00f3n: Fontib\u00f3n Bogot\u00e1, Horario de atenci\u00f3n de lunes a s\u00e1bado de 8:00am a 5:00pm. (Las fotos de las publicaciones son de uso exclusivo y propiedad CRUZ CAR TRADE S.A.S.)<\/span><\/p>","protected":false},"featured_media":12502,"comment_status":"open","ping_status":"closed","template":"","meta":[],"product_brand":[217],"product_cat":[17,222],"product_tag":[],"class_list":{"0":"post-12499","1":"product","2":"type-product","3":"status-publish","4":"has-post-thumbnail","6":"product_brand-freightliner","7":"product_cat-carga-y-transporte","8":"product_cat-switch-interruptor-luces","10":"first","11":"instock","12":"shipping-taxable","13":"purchasable","14":"product-type-simple"},"aioseo_notices":[],"_links":{"self":[{"href":"https:\/\/cruzcartrade.com\/en\/wp-json\/wp\/v2\/product\/12499","targetHints":{"allow":["GET"]}}],"collection":[{"href":"https:\/\/cruzcartrade.com\/en\/wp-json\/wp\/v2\/product"}],"about":[{"href":"https:\/\/cruzcartrade.com\/en\/wp-json\/wp\/v2\/types\/product"}],"replies":[{"embeddable":true,"href":"https:\/\/cruzcartrade.com\/en\/wp-json\/wp\/v2\/comments?post=12499"}],"wp:featuredmedia":[{"embeddable":true,"href":"https:\/\/cruzcartrade.com\/en\/wp-json\/wp\/v2\/media\/12502"}],"wp:attachment":[{"href":"https:\/\/cruzcartrade.com\/en\/wp-json\/wp\/v2\/media?parent=12499"}],"wp:term":[{"taxonomy":"product_brand","embeddable":true,"href":"https:\/\/cruzcartrade.com\/en\/wp-json\/wp\/v2\/product_brand?post=12499"},{"taxonomy":"product_cat","embeddable":true,"href":"https:\/\/cruzcartrade.com\/en\/wp-json\/wp\/v2\/product_cat?post=12499"},{"taxonomy":"product_tag","embeddable":true,"href":"https:\/\/cruzcartrade.com\/en\/wp-json\/wp\/v2\/product_tag?post=12499"}],"curies":[{"name":"wp","href":"https:\/\/api.w.org\/{rel}","templated":true}]}}