{"id":12488,"date":"2026-03-21T14:43:08","date_gmt":"2026-03-21T19:43:08","guid":{"rendered":"https:\/\/cruzcartrade.com\/?post_type=product&#038;p=12488"},"modified":"2026-03-21T14:45:55","modified_gmt":"2026-03-21T19:45:55","slug":"switch-elevavidrios-principal-mazda-bt50-114-pin","status":"publish","type":"product","link":"https:\/\/cruzcartrade.com\/en\/product\/switch-elevavidrios-principal-mazda-bt50-114-pin\/","title":{"rendered":"Switch Elevavidrios Principal Mazda Bt50 11+4 Pin"},"content":{"rendered":"<p><span data-sheets-root=\"1\">SWITCH ELEVAVIDRIOS PRINCIPAL MAZDA BT50 11+4 PINES.<br \/>\nMODELOS QUE APLICA:<br \/>\n&#8211; Mazda BT-50 A\u00f1o 2013 &#8211; 2016<br \/>\n&#8211; Ford Ranger A\u00f1o 2013-2016<br \/>\nSomos CRUZ CAR TRADE S.A.S. Comercializadora de autopartes y repuestos para veh\u00edculos livianos y pesados. Ubicaci\u00f3n: Fontib\u00f3n Bogot\u00e1, Horario de atenci\u00f3n de lunes a s\u00e1bado de 8:00am a 5:00pm. (Las fotos de las publicaciones son de uso exclusivo y propiedad CRUZ CAR TRADE S.A.S.)<\/span><\/p>","protected":false},"excerpt":{"rendered":"<p><span data-sheets-root=\"1\">SWITCH ELEVAVIDRIOS PRINCIPAL MAZDA BT50 11+4 PINES.<br \/>\nMODELOS QUE APLICA:<br \/>\n&#8211; Mazda BT-50 A\u00f1o 2013 &#8211; 2016<br \/>\n&#8211; Ford Ranger A\u00f1o 2013-2016<br \/>\nSomos CRUZ CAR TRADE S.A.S. Comercializadora de autopartes y repuestos para veh\u00edculos livianos y pesados. Ubicaci\u00f3n: Fontib\u00f3n Bogot\u00e1, Horario de atenci\u00f3n de lunes a s\u00e1bado de 8:00am a 5:00pm. (Las fotos de las publicaciones son de uso exclusivo y propiedad CRUZ CAR TRADE S.A.S.)<\/span><\/p>","protected":false},"featured_media":12487,"comment_status":"open","ping_status":"closed","template":"","meta":[],"product_brand":[198],"product_cat":[96,16],"product_tag":[],"class_list":{"0":"post-12488","1":"product","2":"type-product","3":"status-publish","4":"has-post-thumbnail","6":"product_brand-mazda","7":"product_cat-switch-elevavidrios","8":"product_cat-vehiculos-livianos","10":"first","11":"instock","12":"shipping-taxable","13":"purchasable","14":"product-type-simple"},"aioseo_notices":[],"_links":{"self":[{"href":"https:\/\/cruzcartrade.com\/en\/wp-json\/wp\/v2\/product\/12488","targetHints":{"allow":["GET"]}}],"collection":[{"href":"https:\/\/cruzcartrade.com\/en\/wp-json\/wp\/v2\/product"}],"about":[{"href":"https:\/\/cruzcartrade.com\/en\/wp-json\/wp\/v2\/types\/product"}],"replies":[{"embeddable":true,"href":"https:\/\/cruzcartrade.com\/en\/wp-json\/wp\/v2\/comments?post=12488"}],"wp:featuredmedia":[{"embeddable":true,"href":"https:\/\/cruzcartrade.com\/en\/wp-json\/wp\/v2\/media\/12487"}],"wp:attachment":[{"href":"https:\/\/cruzcartrade.com\/en\/wp-json\/wp\/v2\/media?parent=12488"}],"wp:term":[{"taxonomy":"product_brand","embeddable":true,"href":"https:\/\/cruzcartrade.com\/en\/wp-json\/wp\/v2\/product_brand?post=12488"},{"taxonomy":"product_cat","embeddable":true,"href":"https:\/\/cruzcartrade.com\/en\/wp-json\/wp\/v2\/product_cat?post=12488"},{"taxonomy":"product_tag","embeddable":true,"href":"https:\/\/cruzcartrade.com\/en\/wp-json\/wp\/v2\/product_tag?post=12488"}],"curies":[{"name":"wp","href":"https:\/\/api.w.org\/{rel}","templated":true}]}}