{"id":12481,"date":"2026-03-21T14:33:10","date_gmt":"2026-03-21T19:33:10","guid":{"rendered":"https:\/\/cruzcartrade.com\/?post_type=product&#038;p=12481"},"modified":"2026-03-21T14:42:44","modified_gmt":"2026-03-21T19:42:44","slug":"switch-elevavidrios-principal-mazda-allegro-demio-124-pin-izquierdo","status":"publish","type":"product","link":"https:\/\/cruzcartrade.com\/en\/product\/switch-elevavidrios-principal-mazda-allegro-demio-124-pin-izquierdo\/","title":{"rendered":"Switch Elevavidrios Principal Mazda Allegro &#8211; Demio 12+4 Pin Izquierdo"},"content":{"rendered":"<p><span data-sheets-root=\"1\">SWITCH ELEVAVIDRIOS PRINCIPAL MAZDA ALLEGRO &#8211; DEMIO &#8211; BT50 12+4 PINES.<br \/>\nMODELOS QUE APLICAN:<br \/>\n&#8211; Allegro milleniun a\u00f1o 2003 al 2008<br \/>\n&#8211; Mazda BT50 a\u00f1o 2008 al 2014<br \/>\n&#8211; Mazda demio a\u00f1o 2003 al 2008<br \/>\n&#8211; Milleniun 626<br \/>\n&#8211; Mazda B-2600<br \/>\nSomos CRUZ CAR TRADE S.A.S. Comercializadora de autopartes y repuestos para veh\u00edculos livianos y pesados. Ubicaci\u00f3n: Fontib\u00f3n Bogot\u00e1, Horario de atenci\u00f3n de lunes a s\u00e1bado de 8:00am a 5:00pm. (Las fotos de las publicaciones son de uso exclusivo y propiedad CRUZ CAR TRADE S.A.S.)<\/span><\/p>","protected":false},"excerpt":{"rendered":"<p><span data-sheets-root=\"1\">SWITCH ELEVAVIDRIOS PRINCIPAL MAZDA ALLEGRO &#8211; DEMIO &#8211; BT50 12+4 PINES.<br \/>\nMODELOS QUE APLICAN:<br \/>\n&#8211; Allegro milleniun a\u00f1o 2003 al 2008<br \/>\n&#8211; Mazda BT50 a\u00f1o 2008 al 2014<br \/>\n&#8211; Mazda demio a\u00f1o 2003 al 2008<br \/>\n&#8211; Milleniun 626<br \/>\n&#8211; Mazda B-2600<br \/>\nSomos CRUZ CAR TRADE S.A.S. Comercializadora de autopartes y repuestos para veh\u00edculos livianos y pesados. Ubicaci\u00f3n: Fontib\u00f3n Bogot\u00e1, Horario de atenci\u00f3n de lunes a s\u00e1bado de 8:00am a 5:00pm. (Las fotos de las publicaciones son de uso exclusivo y propiedad CRUZ CAR TRADE S.A.S.)<\/span><\/p>","protected":false},"featured_media":12487,"comment_status":"open","ping_status":"closed","template":"","meta":[],"product_brand":[198],"product_cat":[96,16],"product_tag":[],"class_list":{"0":"post-12481","1":"product","2":"type-product","3":"status-publish","4":"has-post-thumbnail","6":"product_brand-mazda","7":"product_cat-switch-elevavidrios","8":"product_cat-vehiculos-livianos","10":"first","11":"instock","12":"shipping-taxable","13":"purchasable","14":"product-type-simple"},"aioseo_notices":[],"_links":{"self":[{"href":"https:\/\/cruzcartrade.com\/en\/wp-json\/wp\/v2\/product\/12481","targetHints":{"allow":["GET"]}}],"collection":[{"href":"https:\/\/cruzcartrade.com\/en\/wp-json\/wp\/v2\/product"}],"about":[{"href":"https:\/\/cruzcartrade.com\/en\/wp-json\/wp\/v2\/types\/product"}],"replies":[{"embeddable":true,"href":"https:\/\/cruzcartrade.com\/en\/wp-json\/wp\/v2\/comments?post=12481"}],"wp:featuredmedia":[{"embeddable":true,"href":"https:\/\/cruzcartrade.com\/en\/wp-json\/wp\/v2\/media\/12487"}],"wp:attachment":[{"href":"https:\/\/cruzcartrade.com\/en\/wp-json\/wp\/v2\/media?parent=12481"}],"wp:term":[{"taxonomy":"product_brand","embeddable":true,"href":"https:\/\/cruzcartrade.com\/en\/wp-json\/wp\/v2\/product_brand?post=12481"},{"taxonomy":"product_cat","embeddable":true,"href":"https:\/\/cruzcartrade.com\/en\/wp-json\/wp\/v2\/product_cat?post=12481"},{"taxonomy":"product_tag","embeddable":true,"href":"https:\/\/cruzcartrade.com\/en\/wp-json\/wp\/v2\/product_tag?post=12481"}],"curies":[{"name":"wp","href":"https:\/\/api.w.org\/{rel}","templated":true}]}}