{"id":11582,"date":"2026-02-20T16:29:07","date_gmt":"2026-02-20T21:29:07","guid":{"rendered":"https:\/\/cruzcartrade.com\/?post_type=product&#038;p=11582"},"modified":"2026-02-27T09:52:57","modified_gmt":"2026-02-27T14:52:57","slug":"manija-externa-puerta-mitsubishi-metalica-negra-derecha-o-izquierda","status":"publish","type":"product","link":"https:\/\/cruzcartrade.com\/en\/product\/manija-externa-puerta-mitsubishi-metalica-negra-derecha-o-izquierda\/","title":{"rendered":"Manija Externa Puerta Mitsubishi Met\u00e1lica Negra Derecha O Izquierda"},"content":{"rendered":"<p><span data-sheets-root=\"1\">Manija Externa Puerta Mitsubishi Met\u00e1lica Negra Derecha o izquierda Material: Metal , Color: Negro<br \/>\nSomos CRUZ CAR TRADE S.A.S. Comercializadora de autopartes y repuestos para veh\u00edculos livianos y pesados. Ubicaci\u00f3n: Fontib\u00f3n Bogot\u00e1, Horario de atenci\u00f3n de lunes a s\u00e1bado de 8:00am a 5:00pm. (Las fotos de las publicaciones son de uso exclusivo y propiedad CRUZ CAR TRADE S.A.S.) Ten presente que las im\u00e1genes del producto publicado son fotos de referencia y no corresponden necesariamente a la posici\u00f3n real.<\/span><\/p>","protected":false},"excerpt":{"rendered":"<p><span data-sheets-root=\"1\">Manija Externa Puerta Mitsubishi Met\u00e1lica Negra Derecha o izquierda Material: Metal , Color: Negro<br \/>\nSomos CRUZ CAR TRADE S.A.S. Comercializadora de autopartes y repuestos para veh\u00edculos livianos y pesados. Ubicaci\u00f3n: Fontib\u00f3n Bogot\u00e1, Horario de atenci\u00f3n de lunes a s\u00e1bado de 8:00am a 5:00pm. (Las fotos de las publicaciones son de uso exclusivo y propiedad CRUZ CAR TRADE S.A.S.) Ten presente que las im\u00e1genes del producto publicado son fotos de referencia y no corresponden necesariamente a la posici\u00f3n real.<\/span><\/p>","protected":false},"featured_media":11593,"comment_status":"open","ping_status":"closed","template":"","meta":[],"product_brand":[187],"product_cat":[87,16],"product_tag":[],"class_list":{"0":"post-11582","1":"product","2":"type-product","3":"status-publish","4":"has-post-thumbnail","6":"product_brand-mitsubishi","7":"product_cat-manijas-externas","8":"product_cat-vehiculos-livianos","10":"first","11":"instock","12":"shipping-taxable","13":"purchasable","14":"product-type-variable"},"aioseo_notices":[],"_links":{"self":[{"href":"https:\/\/cruzcartrade.com\/en\/wp-json\/wp\/v2\/product\/11582","targetHints":{"allow":["GET"]}}],"collection":[{"href":"https:\/\/cruzcartrade.com\/en\/wp-json\/wp\/v2\/product"}],"about":[{"href":"https:\/\/cruzcartrade.com\/en\/wp-json\/wp\/v2\/types\/product"}],"replies":[{"embeddable":true,"href":"https:\/\/cruzcartrade.com\/en\/wp-json\/wp\/v2\/comments?post=11582"}],"wp:featuredmedia":[{"embeddable":true,"href":"https:\/\/cruzcartrade.com\/en\/wp-json\/wp\/v2\/media\/11593"}],"wp:attachment":[{"href":"https:\/\/cruzcartrade.com\/en\/wp-json\/wp\/v2\/media?parent=11582"}],"wp:term":[{"taxonomy":"product_brand","embeddable":true,"href":"https:\/\/cruzcartrade.com\/en\/wp-json\/wp\/v2\/product_brand?post=11582"},{"taxonomy":"product_cat","embeddable":true,"href":"https:\/\/cruzcartrade.com\/en\/wp-json\/wp\/v2\/product_cat?post=11582"},{"taxonomy":"product_tag","embeddable":true,"href":"https:\/\/cruzcartrade.com\/en\/wp-json\/wp\/v2\/product_tag?post=11582"}],"curies":[{"name":"wp","href":"https:\/\/api.w.org\/{rel}","templated":true}]}}