{"id":11241,"date":"2026-02-13T19:27:25","date_gmt":"2026-02-14T00:27:25","guid":{"rendered":"https:\/\/cruzcartrade.com\/?post_type=product&#038;p=11241"},"modified":"2026-02-26T23:47:21","modified_gmt":"2026-02-27T04:47:21","slug":"manija-externa-puerta-ford-cargo-estandar-metalica-negra-izquierda-o-derecha","status":"publish","type":"product","link":"https:\/\/cruzcartrade.com\/en\/product\/manija-externa-puerta-ford-cargo-estandar-metalica-negra-izquierda-o-derecha\/","title":{"rendered":"Manija Externa Puerta Ford Cargo Est\u00e1ndar Met\u00e1lica Negra Izquierda O Derecha"},"content":{"rendered":"<p><span data-sheets-root=\"1\">Manija Externa Ford Cargo Est\u00e1ndar Metalica Derecha o izquierda Material: Met\u00e1l . Color: Negro, Somos CRUZ CAR TRADE S.A.S. Comercializadora de autopartes y repuestos para veh\u00edculos livianos y pesados. Ubicaci\u00f3n: Fontib\u00f3n Bogot\u00e1, Horario de atenci\u00f3n de lunes a s\u00e1bado de 8:00am a 5:00pm. (Las fotos de las publicaciones son de uso exclusivo y propiedad CRUZ CAR TRADE S.A.S.) Ten presente que las im\u00e1genes del producto publicado son fotos de referencia y no corresponden necesariamente a la posici\u00f3n real.<\/span><\/p>","protected":false},"excerpt":{"rendered":"<p><span data-sheets-root=\"1\">Manija Externa Ford Cargo Est\u00e1ndar Metalica Derecha o izquierda Material: Met\u00e1l . Color: Negro, Somos CRUZ CAR TRADE S.A.S. Comercializadora de autopartes y repuestos para veh\u00edculos livianos y pesados. Ubicaci\u00f3n: Fontib\u00f3n Bogot\u00e1, Horario de atenci\u00f3n de lunes a s\u00e1bado de 8:00am a 5:00pm. (Las fotos de las publicaciones son de uso exclusivo y propiedad CRUZ CAR TRADE S.A.S.) Ten presente que las im\u00e1genes del producto publicado son fotos de referencia y no corresponden necesariamente a la posici\u00f3n real.<\/span><\/p>","protected":false},"featured_media":11244,"comment_status":"open","ping_status":"closed","template":"","meta":[],"product_brand":[197],"product_cat":[17,128],"product_tag":[],"class_list":{"0":"post-11241","1":"product","2":"type-product","3":"status-publish","4":"has-post-thumbnail","6":"product_brand-ford","7":"product_cat-carga-y-transporte","8":"product_cat-manijas-externas-carga-y-transporte","10":"first","11":"instock","12":"shipping-taxable","13":"purchasable","14":"product-type-variable"},"aioseo_notices":[],"_links":{"self":[{"href":"https:\/\/cruzcartrade.com\/en\/wp-json\/wp\/v2\/product\/11241","targetHints":{"allow":["GET"]}}],"collection":[{"href":"https:\/\/cruzcartrade.com\/en\/wp-json\/wp\/v2\/product"}],"about":[{"href":"https:\/\/cruzcartrade.com\/en\/wp-json\/wp\/v2\/types\/product"}],"replies":[{"embeddable":true,"href":"https:\/\/cruzcartrade.com\/en\/wp-json\/wp\/v2\/comments?post=11241"}],"wp:featuredmedia":[{"embeddable":true,"href":"https:\/\/cruzcartrade.com\/en\/wp-json\/wp\/v2\/media\/11244"}],"wp:attachment":[{"href":"https:\/\/cruzcartrade.com\/en\/wp-json\/wp\/v2\/media?parent=11241"}],"wp:term":[{"taxonomy":"product_brand","embeddable":true,"href":"https:\/\/cruzcartrade.com\/en\/wp-json\/wp\/v2\/product_brand?post=11241"},{"taxonomy":"product_cat","embeddable":true,"href":"https:\/\/cruzcartrade.com\/en\/wp-json\/wp\/v2\/product_cat?post=11241"},{"taxonomy":"product_tag","embeddable":true,"href":"https:\/\/cruzcartrade.com\/en\/wp-json\/wp\/v2\/product_tag?post=11241"}],"curies":[{"name":"wp","href":"https:\/\/api.w.org\/{rel}","templated":true}]}}