{"id":10942,"date":"2026-02-07T11:40:55","date_gmt":"2026-02-07T16:40:55","guid":{"rendered":"https:\/\/cruzcartrade.com\/?post_type=product&#038;p=10942"},"modified":"2026-02-26T16:06:00","modified_gmt":"2026-02-26T21:06:00","slug":"manija-externa-puerta-corrediza-chevrolet-n200-negra-derecha-o-izquierda","status":"publish","type":"product","link":"https:\/\/cruzcartrade.com\/en\/product\/manija-externa-puerta-corrediza-chevrolet-n200-negra-derecha-o-izquierda\/","title":{"rendered":"Manija Externa Puerta Corrediza Chevrolet N200 Negra Derecha O Izquierda"},"content":{"rendered":"<p><span data-sheets-root=\"1\">Manija Externa Puerta Corrediza Chevrolet N200 Negra Derecha o izquierda Material: Pl\u00e1stico Resistente Color: Negro Somos CRUZ CAR TRADE S.A.S. Comercializadora de autopartes y repuestos para veh\u00edculos livianos y pesados. Ubicaci\u00f3n: Fontib\u00f3n Bogot\u00e1, Horario de atenci\u00f3n de lunes a s\u00e1bado de 8:00am a 5:00pm. (Las fotos de las publicaciones son de uso exclusivo y propiedad CRUZ CAR TRADE S.A.S.) Ten presente que las im\u00e1genes del producto publicado son fotos de referencia y no corresponden necesariamente a la posici\u00f3n real.<\/span><\/p>","protected":false},"excerpt":{"rendered":"<p><span data-sheets-root=\"1\">Manija Externa Puerta Corrediza Chevrolet N200 Negra Derecha o izquierda Material: Pl\u00e1stico Resistente Color: Negro Somos CRUZ CAR TRADE S.A.S. Comercializadora de autopartes y repuestos para veh\u00edculos livianos y pesados. Ubicaci\u00f3n: Fontib\u00f3n Bogot\u00e1, Horario de atenci\u00f3n de lunes a s\u00e1bado de 8:00am a 5:00pm. (Las fotos de las publicaciones son de uso exclusivo y propiedad CRUZ CAR TRADE S.A.S.) Ten presente que las im\u00e1genes del producto publicado son fotos de referencia y no corresponden necesariamente a la posici\u00f3n real.<\/span><\/p>","protected":false},"featured_media":10946,"comment_status":"open","ping_status":"closed","template":"","meta":[],"product_brand":[80],"product_cat":[17,209],"product_tag":[],"class_list":{"0":"post-10942","1":"product","2":"type-product","3":"status-publish","4":"has-post-thumbnail","6":"product_brand-chevrolet","7":"product_cat-carga-y-transporte","8":"product_cat-manija-externa-corredera","10":"first","11":"instock","12":"shipping-taxable","13":"purchasable","14":"product-type-variable"},"aioseo_notices":[],"_links":{"self":[{"href":"https:\/\/cruzcartrade.com\/en\/wp-json\/wp\/v2\/product\/10942","targetHints":{"allow":["GET"]}}],"collection":[{"href":"https:\/\/cruzcartrade.com\/en\/wp-json\/wp\/v2\/product"}],"about":[{"href":"https:\/\/cruzcartrade.com\/en\/wp-json\/wp\/v2\/types\/product"}],"replies":[{"embeddable":true,"href":"https:\/\/cruzcartrade.com\/en\/wp-json\/wp\/v2\/comments?post=10942"}],"wp:featuredmedia":[{"embeddable":true,"href":"https:\/\/cruzcartrade.com\/en\/wp-json\/wp\/v2\/media\/10946"}],"wp:attachment":[{"href":"https:\/\/cruzcartrade.com\/en\/wp-json\/wp\/v2\/media?parent=10942"}],"wp:term":[{"taxonomy":"product_brand","embeddable":true,"href":"https:\/\/cruzcartrade.com\/en\/wp-json\/wp\/v2\/product_brand?post=10942"},{"taxonomy":"product_cat","embeddable":true,"href":"https:\/\/cruzcartrade.com\/en\/wp-json\/wp\/v2\/product_cat?post=10942"},{"taxonomy":"product_tag","embeddable":true,"href":"https:\/\/cruzcartrade.com\/en\/wp-json\/wp\/v2\/product_tag?post=10942"}],"curies":[{"name":"wp","href":"https:\/\/api.w.org\/{rel}","templated":true}]}}