{"id":10841,"date":"2026-02-04T19:47:52","date_gmt":"2026-02-05T00:47:52","guid":{"rendered":"https:\/\/cruzcartrade.com\/?post_type=product&#038;p=10841"},"modified":"2026-02-26T15:37:32","modified_gmt":"2026-02-26T20:37:32","slug":"manija-baul-o-compuerta-f-150-ford-ranger-cromada-plateado-trasera-modelo-antiguo","status":"publish","type":"product","link":"https:\/\/cruzcartrade.com\/en\/product\/manija-baul-o-compuerta-f-150-ford-ranger-cromada-plateado-trasera-modelo-antiguo\/","title":{"rendered":"Manija Ba\u00fal O Compuerta F- 150 Ford Ranger Cromada Plateado Trasera Modelo Antiguo"},"content":{"rendered":"<p><span data-sheets-root=\"1\">Manija Plat\u00f3n Ba\u00fal O Compuerta F-150 Ford Ranger Modelos 93-97. Material: Metal , Color: Cromado. Somos CRUZ CAR TRADE S.A.S. Comercializadora de autopartes y repuestos para veh\u00edculos livianos y pesados, Horario de atenci\u00f3n de lunes a s\u00e1bado de 8:00am a 5:00pm. (Las fotos de las publicaciones son de uso exclusivo y propiedad CRUZ CAR TRADE S.A.S.) Fontib\u00f3n, Bogot\u00e1 D.c. Ten presente que las im\u00e1genes del producto publicado son fotos de referencia y no corresponden necesariamente a la posici\u00f3n real.<\/span><\/p>","protected":false},"excerpt":{"rendered":"<p><span data-sheets-root=\"1\">Manija Plat\u00f3n Ba\u00fal O Compuerta F-150 Ford Ranger Modelos 93-97. Material: Metal , Color: Cromado. Somos CRUZ CAR TRADE S.A.S. Comercializadora de autopartes y repuestos para veh\u00edculos livianos y pesados, Horario de atenci\u00f3n de lunes a s\u00e1bado de 8:00am a 5:00pm. (Las fotos de las publicaciones son de uso exclusivo y propiedad CRUZ CAR TRADE S.A.S.) Fontib\u00f3n, Bogot\u00e1 D.c. Ten presente que las im\u00e1genes del producto publicado son fotos de referencia y no corresponden necesariamente a la posici\u00f3n real.<\/span><\/p>","protected":false},"featured_media":10851,"comment_status":"open","ping_status":"closed","template":"","meta":[],"product_brand":[197],"product_cat":[88,16],"product_tag":[],"class_list":{"0":"post-10841","1":"product","2":"type-product","3":"status-publish","4":"has-post-thumbnail","6":"product_brand-ford","7":"product_cat-manijas-de-baul-o-compuerta","8":"product_cat-vehiculos-livianos","10":"first","11":"instock","12":"shipping-taxable","13":"purchasable","14":"product-type-simple"},"aioseo_notices":[],"_links":{"self":[{"href":"https:\/\/cruzcartrade.com\/en\/wp-json\/wp\/v2\/product\/10841","targetHints":{"allow":["GET"]}}],"collection":[{"href":"https:\/\/cruzcartrade.com\/en\/wp-json\/wp\/v2\/product"}],"about":[{"href":"https:\/\/cruzcartrade.com\/en\/wp-json\/wp\/v2\/types\/product"}],"replies":[{"embeddable":true,"href":"https:\/\/cruzcartrade.com\/en\/wp-json\/wp\/v2\/comments?post=10841"}],"wp:featuredmedia":[{"embeddable":true,"href":"https:\/\/cruzcartrade.com\/en\/wp-json\/wp\/v2\/media\/10851"}],"wp:attachment":[{"href":"https:\/\/cruzcartrade.com\/en\/wp-json\/wp\/v2\/media?parent=10841"}],"wp:term":[{"taxonomy":"product_brand","embeddable":true,"href":"https:\/\/cruzcartrade.com\/en\/wp-json\/wp\/v2\/product_brand?post=10841"},{"taxonomy":"product_cat","embeddable":true,"href":"https:\/\/cruzcartrade.com\/en\/wp-json\/wp\/v2\/product_cat?post=10841"},{"taxonomy":"product_tag","embeddable":true,"href":"https:\/\/cruzcartrade.com\/en\/wp-json\/wp\/v2\/product_tag?post=10841"}],"curies":[{"name":"wp","href":"https:\/\/api.w.org\/{rel}","templated":true}]}}