{"id":10834,"date":"2026-02-04T19:10:29","date_gmt":"2026-02-05T00:10:29","guid":{"rendered":"https:\/\/cruzcartrade.com\/?post_type=product&#038;p=10834"},"modified":"2026-02-26T15:32:36","modified_gmt":"2026-02-26T20:32:36","slug":"manija-platon-baul-o-compuerta-mazda-bt50-ford-ranger-negra-trasera-modelo-nuevo","status":"publish","type":"product","link":"https:\/\/cruzcartrade.com\/en\/product\/manija-platon-baul-o-compuerta-mazda-bt50-ford-ranger-negra-trasera-modelo-nuevo\/","title":{"rendered":"Manija Plat\u00f3n Ba\u00fal O Compuerta Mazda Bt50, Ford Ranger Negra Trasera Modelo Nuevo"},"content":{"rendered":"<p><span data-sheets-root=\"1\">Manija Ba\u00fal O Compuerta Mazda BT50 y ford ranger Negra Sin Hueco C\u00e1mara<br \/>\nManija Plat\u00f3n Ba\u00fal O Compuerta Mazda BT50 Modelos 2013 -2021, Ford Ranger Cromada Met\u00e1lica. Material: Metal, Color: Cromada. Somos CRUZ CAR TRADE S.A.S. Comercializadora de autopartes y repuestos para veh\u00edculos livianos y pesados, Horario de atenci\u00f3n de lunes a s\u00e1bado de 8:00am a 5:00pm. (Las fotos de las publicaciones son de uso exclusivo y propiedad CRUZ CAR TRADE S.A.S.) Fontib\u00f3n, Bogot\u00e1 D.c. Ten presente que las im\u00e1genes del producto publicado son fotos de referencia y no corresponden necesariamente a la posici\u00f3n real.<br \/>\n<\/span><\/p>","protected":false},"excerpt":{"rendered":"<p><span data-sheets-root=\"1\">Manija Plat\u00f3n Ba\u00fal O Compuerta Mazda BT50 Modelos 2013 -2021, Ford Ranger Cromada Met\u00e1lica. Material: Metal, Color: Cromada. Somos CRUZ CAR TRADE S.A.S. Comercializadora de autopartes y repuestos para veh\u00edculos livianos y pesados, Horario de atenci\u00f3n de lunes a s\u00e1bado de 8:00am a 5:00pm. (Las fotos de las publicaciones son de uso exclusivo y propiedad CRUZ CAR TRADE S.A.S.) Fontib\u00f3n, Bogot\u00e1 D.c. Ten presente que las im\u00e1genes del producto publicado son fotos de referencia y no corresponden necesariamente a la posici\u00f3n real.<\/span><\/p>","protected":false},"featured_media":10840,"comment_status":"open","ping_status":"closed","template":"","meta":[],"product_brand":[197,198],"product_cat":[88,16],"product_tag":[],"class_list":{"0":"post-10834","1":"product","2":"type-product","3":"status-publish","4":"has-post-thumbnail","6":"product_brand-ford","7":"product_brand-mazda","8":"product_cat-manijas-de-baul-o-compuerta","9":"product_cat-vehiculos-livianos","11":"first","12":"instock","13":"shipping-taxable","14":"purchasable","15":"product-type-simple"},"aioseo_notices":[],"_links":{"self":[{"href":"https:\/\/cruzcartrade.com\/en\/wp-json\/wp\/v2\/product\/10834","targetHints":{"allow":["GET"]}}],"collection":[{"href":"https:\/\/cruzcartrade.com\/en\/wp-json\/wp\/v2\/product"}],"about":[{"href":"https:\/\/cruzcartrade.com\/en\/wp-json\/wp\/v2\/types\/product"}],"replies":[{"embeddable":true,"href":"https:\/\/cruzcartrade.com\/en\/wp-json\/wp\/v2\/comments?post=10834"}],"wp:featuredmedia":[{"embeddable":true,"href":"https:\/\/cruzcartrade.com\/en\/wp-json\/wp\/v2\/media\/10840"}],"wp:attachment":[{"href":"https:\/\/cruzcartrade.com\/en\/wp-json\/wp\/v2\/media?parent=10834"}],"wp:term":[{"taxonomy":"product_brand","embeddable":true,"href":"https:\/\/cruzcartrade.com\/en\/wp-json\/wp\/v2\/product_brand?post=10834"},{"taxonomy":"product_cat","embeddable":true,"href":"https:\/\/cruzcartrade.com\/en\/wp-json\/wp\/v2\/product_cat?post=10834"},{"taxonomy":"product_tag","embeddable":true,"href":"https:\/\/cruzcartrade.com\/en\/wp-json\/wp\/v2\/product_tag?post=10834"}],"curies":[{"name":"wp","href":"https:\/\/api.w.org\/{rel}","templated":true}]}}