{"id":10771,"date":"2026-01-31T16:40:26","date_gmt":"2026-01-31T21:40:26","guid":{"rendered":"https:\/\/cruzcartrade.com\/?post_type=product&#038;p=10771"},"modified":"2026-02-26T15:17:53","modified_gmt":"2026-02-26T20:17:53","slug":"manija-interna-puerta-toyota-vigo-plastica-gris-derecha-o-izquierda","status":"publish","type":"product","link":"https:\/\/cruzcartrade.com\/en\/product\/manija-interna-puerta-toyota-vigo-plastica-gris-derecha-o-izquierda\/","title":{"rendered":"Manija Interna Puerta Toyota Vigo Pl\u00e1stica Gris Derecha O Izquierda"},"content":{"rendered":"<p><span data-sheets-root=\"1\">Manija Interna Puerta Toyota Hilux Vigo Gris Pl\u00e1stica Der-izq Material: Pl\u00e1stica Color: Gris Oscura. Somos CRUZ CAR TRADE S.A.S. Comercializadora de autopartes y repuestos para veh\u00edculos livianos y pesados, Horario de atenci\u00f3n de lunes a s\u00e1bado de 8:00am a 5:00pm. (Las fotos de las publicaciones son de uso exclusivo y propiedad CRUZ CAR TRADE S.A.S.) Fontib\u00f3n, Bogot\u00e1 D.c. Ten presente que las im\u00e1genes del producto publicado son fotos de referencia y no corresponden necesariamente a la posici\u00f3n real<\/span><\/p>","protected":false},"excerpt":{"rendered":"<p><span data-sheets-root=\"1\">Manija Interna Puerta Toyota Hilux Vigo Gris Pl\u00e1stica Der-izq Material: Pl\u00e1stica Color: Gris Oscura. Somos CRUZ CAR TRADE S.A.S. Comercializadora de autopartes y repuestos para veh\u00edculos livianos y pesados, Horario de atenci\u00f3n de lunes a s\u00e1bado de 8:00am a 5:00pm. (Las fotos de las publicaciones son de uso exclusivo y propiedad CRUZ CAR TRADE S.A.S.) Fontib\u00f3n, Bogot\u00e1 D.c. Ten presente que las im\u00e1genes del producto publicado son fotos de referencia y no corresponden necesariamente a la posici\u00f3n real<\/span><\/p>","protected":false},"featured_media":10774,"comment_status":"open","ping_status":"closed","template":"","meta":[],"product_brand":[61],"product_cat":[86,16],"product_tag":[],"class_list":{"0":"post-10771","1":"product","2":"type-product","3":"status-publish","4":"has-post-thumbnail","6":"product_brand-toyota","7":"product_cat-manijas-internas","8":"product_cat-vehiculos-livianos","10":"first","11":"instock","12":"shipping-taxable","13":"purchasable","14":"product-type-variable"},"aioseo_notices":[],"_links":{"self":[{"href":"https:\/\/cruzcartrade.com\/en\/wp-json\/wp\/v2\/product\/10771","targetHints":{"allow":["GET"]}}],"collection":[{"href":"https:\/\/cruzcartrade.com\/en\/wp-json\/wp\/v2\/product"}],"about":[{"href":"https:\/\/cruzcartrade.com\/en\/wp-json\/wp\/v2\/types\/product"}],"replies":[{"embeddable":true,"href":"https:\/\/cruzcartrade.com\/en\/wp-json\/wp\/v2\/comments?post=10771"}],"wp:featuredmedia":[{"embeddable":true,"href":"https:\/\/cruzcartrade.com\/en\/wp-json\/wp\/v2\/media\/10774"}],"wp:attachment":[{"href":"https:\/\/cruzcartrade.com\/en\/wp-json\/wp\/v2\/media?parent=10771"}],"wp:term":[{"taxonomy":"product_brand","embeddable":true,"href":"https:\/\/cruzcartrade.com\/en\/wp-json\/wp\/v2\/product_brand?post=10771"},{"taxonomy":"product_cat","embeddable":true,"href":"https:\/\/cruzcartrade.com\/en\/wp-json\/wp\/v2\/product_cat?post=10771"},{"taxonomy":"product_tag","embeddable":true,"href":"https:\/\/cruzcartrade.com\/en\/wp-json\/wp\/v2\/product_tag?post=10771"}],"curies":[{"name":"wp","href":"https:\/\/api.w.org\/{rel}","templated":true}]}}