{"id":10580,"date":"2026-02-10T22:11:35","date_gmt":"2026-02-11T03:11:35","guid":{"rendered":"https:\/\/cruzcartrade.com\/?post_type=product&#038;p=10580"},"modified":"2026-04-05T13:16:47","modified_gmt":"2026-04-05T18:16:47","slug":"manija-interna-puerta-hyundai-h100-mitsubishi-l300-negra-derecha-o-izquierda","status":"publish","type":"product","link":"https:\/\/cruzcartrade.com\/en\/product\/manija-interna-puerta-hyundai-h100-mitsubishi-l300-negra-derecha-o-izquierda\/","title":{"rendered":"Manija Interna Puerta Hyundai H100\/ Mitsubishi L300 Negra derecha o izquierda"},"content":{"rendered":"<p>MANIJA INTERNA PUERTA HYUNDAI H100DER\/IZQ Material: Pl\u00e1stico resistente, Color: Negra. Somos CRUZ CAR TRADE S.A.S. Comercializadora de autopartes y repuestos para veh\u00edculos livianos y pesados, Horario de atenci\u00f3n de lunes a s\u00e1bado de 8:00am a 5:00pm. (Las fotos de las publicaciones son de uso exclusivo y propiedad CRUZ CAR TRADE S.A.S.)<\/p>","protected":false},"excerpt":{"rendered":"<p>MANIJA INTERNA PUERTA HYUNDAI H100DER\/IZQ Material: Pl\u00e1stico resistente, Color: Negra. Somos CRUZ CAR TRADE S.A.S. Comercializadora de autopartes y repuestos para veh\u00edculos livianos y pesados, Horario de atenci\u00f3n de lunes a s\u00e1bado de 8:00am a 5:00pm. (Las fotos de las publicaciones son de uso exclusivo y propiedad CRUZ CAR TRADE S.A.S.)MANIJA INTERNA PUERTA HYUNDAI H100DER\/IZQ Material: Pl\u00e1stico resistente, Color: Negra. Somos CRUZ CAR TRADE S.A.S. Comercializadora de autopartes y repuestos para veh\u00edculos livianos y pesados, Horario de atenci\u00f3n de lunes a s\u00e1bado de 8:00am a 5:00pm. (Las fotos de las publicaciones son de uso exclusivo y propiedad CRUZ CAR TRADE S.A.S.)<\/p>","protected":false},"featured_media":10585,"comment_status":"open","ping_status":"closed","template":"","meta":[],"product_brand":[184,187],"product_cat":[17,127],"product_tag":[],"class_list":{"0":"post-10580","1":"product","2":"type-product","3":"status-publish","4":"has-post-thumbnail","6":"product_brand-hyundai","7":"product_brand-mitsubishi","8":"product_cat-carga-y-transporte","9":"product_cat-manijas-internas-carga-y-transporte","11":"first","12":"instock","13":"shipping-taxable","14":"purchasable","15":"product-type-variable"},"aioseo_notices":[],"_links":{"self":[{"href":"https:\/\/cruzcartrade.com\/en\/wp-json\/wp\/v2\/product\/10580","targetHints":{"allow":["GET"]}}],"collection":[{"href":"https:\/\/cruzcartrade.com\/en\/wp-json\/wp\/v2\/product"}],"about":[{"href":"https:\/\/cruzcartrade.com\/en\/wp-json\/wp\/v2\/types\/product"}],"replies":[{"embeddable":true,"href":"https:\/\/cruzcartrade.com\/en\/wp-json\/wp\/v2\/comments?post=10580"}],"wp:featuredmedia":[{"embeddable":true,"href":"https:\/\/cruzcartrade.com\/en\/wp-json\/wp\/v2\/media\/10585"}],"wp:attachment":[{"href":"https:\/\/cruzcartrade.com\/en\/wp-json\/wp\/v2\/media?parent=10580"}],"wp:term":[{"taxonomy":"product_brand","embeddable":true,"href":"https:\/\/cruzcartrade.com\/en\/wp-json\/wp\/v2\/product_brand?post=10580"},{"taxonomy":"product_cat","embeddable":true,"href":"https:\/\/cruzcartrade.com\/en\/wp-json\/wp\/v2\/product_cat?post=10580"},{"taxonomy":"product_tag","embeddable":true,"href":"https:\/\/cruzcartrade.com\/en\/wp-json\/wp\/v2\/product_tag?post=10580"}],"curies":[{"name":"wp","href":"https:\/\/api.w.org\/{rel}","templated":true}]}}