{"id":10573,"date":"2026-02-07T22:31:43","date_gmt":"2026-02-08T03:31:43","guid":{"rendered":"https:\/\/cruzcartrade.com\/?post_type=product&#038;p=10573"},"modified":"2026-02-07T22:33:38","modified_gmt":"2026-02-08T03:33:38","slug":"manija-interna-puerta-hyundai-h100-mitsubishi-l300-ng-corta-izquierda-o-derecha","status":"publish","type":"product","link":"https:\/\/cruzcartrade.com\/en\/product\/manija-interna-puerta-hyundai-h100-mitsubishi-l300-ng-corta-izquierda-o-derecha\/","title":{"rendered":"Manija Interna Puerta Hyundai H100, Mitsubishi L300 Negra Corta izquierda o derecha"},"content":{"rendered":"<p>Manija Interna Puerta Hyundai H100 Y Mitsubishi L300 Negra Material: Pl\u00e1stico y Metal resistente, Color: Gris Oscuro. Somos CRUZ CAR TRADE S.A.S. Comercializadora de autopartes y repuestos para veh\u00edculos livianos y pesados, Horario de atenci\u00f3n de lunes a s\u00e1bado de 8:00am a 5:00pm. (Las fotos de las publicaciones son de uso exclusivo y propiedad CRUZ CAR TRADE S.A.S.)<\/p>","protected":false},"excerpt":{"rendered":"<p>Manija Interna Puerta Hyundai H100 Y Mitsubishi L300 Negra Material: Pl\u00e1stico y Metal resistente, Color: Gris Oscuro. Somos CRUZ CAR TRADE S.A.S. Comercializadora de autopartes y repuestos para veh\u00edculos livianos y pesados, Horario de atenci\u00f3n de lunes a s\u00e1bado de 8:00am a 5:00pm. (Las fotos de las publicaciones son de uso exclusivo y propiedad CRUZ CAR TRADE S.A.S.)<\/p>","protected":false},"featured_media":10578,"comment_status":"open","ping_status":"closed","template":"","meta":[],"product_brand":[184,187],"product_cat":[17,127],"product_tag":[],"class_list":{"0":"post-10573","1":"product","2":"type-product","3":"status-publish","4":"has-post-thumbnail","6":"product_brand-hyundai","7":"product_brand-mitsubishi","8":"product_cat-carga-y-transporte","9":"product_cat-manijas-internas-carga-y-transporte","11":"first","12":"instock","13":"shipping-taxable","14":"purchasable","15":"product-type-variable"},"aioseo_notices":[],"_links":{"self":[{"href":"https:\/\/cruzcartrade.com\/en\/wp-json\/wp\/v2\/product\/10573","targetHints":{"allow":["GET"]}}],"collection":[{"href":"https:\/\/cruzcartrade.com\/en\/wp-json\/wp\/v2\/product"}],"about":[{"href":"https:\/\/cruzcartrade.com\/en\/wp-json\/wp\/v2\/types\/product"}],"replies":[{"embeddable":true,"href":"https:\/\/cruzcartrade.com\/en\/wp-json\/wp\/v2\/comments?post=10573"}],"wp:featuredmedia":[{"embeddable":true,"href":"https:\/\/cruzcartrade.com\/en\/wp-json\/wp\/v2\/media\/10578"}],"wp:attachment":[{"href":"https:\/\/cruzcartrade.com\/en\/wp-json\/wp\/v2\/media?parent=10573"}],"wp:term":[{"taxonomy":"product_brand","embeddable":true,"href":"https:\/\/cruzcartrade.com\/en\/wp-json\/wp\/v2\/product_brand?post=10573"},{"taxonomy":"product_cat","embeddable":true,"href":"https:\/\/cruzcartrade.com\/en\/wp-json\/wp\/v2\/product_cat?post=10573"},{"taxonomy":"product_tag","embeddable":true,"href":"https:\/\/cruzcartrade.com\/en\/wp-json\/wp\/v2\/product_tag?post=10573"}],"curies":[{"name":"wp","href":"https:\/\/api.w.org\/{rel}","templated":true}]}}