{"id":10529,"date":"2026-02-01T22:32:59","date_gmt":"2026-02-02T03:32:59","guid":{"rendered":"https:\/\/cruzcartrade.com\/?post_type=product&#038;p=10529"},"modified":"2026-02-01T22:32:59","modified_gmt":"2026-02-02T03:32:59","slug":"manija-interna-puerta-hyundai-h1-starex-negra-derecha-o-izquierda","status":"publish","type":"product","link":"https:\/\/cruzcartrade.com\/en\/product\/manija-interna-puerta-hyundai-h1-starex-negra-derecha-o-izquierda\/","title":{"rendered":"Manija Interna Puerta Hyundai H1 Starex Negra derecha o izquierda"},"content":{"rendered":"<p>MANIJA INTERNA PUERTA HYUNDAI H1 STAREX NEGRA DERECHA O IZQUIERDA Material: Pl\u00e1stica y Metal, Color: Negra. Somos CRUZ CAR TRADE S.A.S. Comercializadora de autopartes y repuestos para veh\u00edculos livianos y pesados, Horario de atenci\u00f3n de lunes a s\u00e1bado de 8:00am a 5:00pm. (Las fotos de las publicaciones son de uso exclusivo y propiedad CRUZ CAR TRADE S.A.S.) Fontib\u00f3n, Bogot\u00e1 D.c.<\/p>","protected":false},"excerpt":{"rendered":"<p>MANIJA INTERNA PUERTA HYUNDAI H1 STAREX NEGRA DERECHA O IZQUIERDA Material: Pl\u00e1stica y Metal, Color: Negra. Somos CRUZ CAR TRADE S.A.S. Comercializadora de autopartes y repuestos para veh\u00edculos livianos y pesados, Horario de atenci\u00f3n de lunes a s\u00e1bado de 8:00am a 5:00pm. (Las fotos de las publicaciones son de uso exclusivo y propiedad CRUZ CAR TRADE S.A.S.) Fontib\u00f3n, Bogot\u00e1 D.c.<\/p>","protected":false},"featured_media":10532,"comment_status":"open","ping_status":"closed","template":"","meta":[],"product_brand":[184],"product_cat":[17,127],"product_tag":[],"class_list":{"0":"post-10529","1":"product","2":"type-product","3":"status-publish","4":"has-post-thumbnail","6":"product_brand-hyundai","7":"product_cat-carga-y-transporte","8":"product_cat-manijas-internas-carga-y-transporte","10":"first","11":"instock","12":"shipping-taxable","13":"purchasable","14":"product-type-variable"},"aioseo_notices":[],"_links":{"self":[{"href":"https:\/\/cruzcartrade.com\/en\/wp-json\/wp\/v2\/product\/10529","targetHints":{"allow":["GET"]}}],"collection":[{"href":"https:\/\/cruzcartrade.com\/en\/wp-json\/wp\/v2\/product"}],"about":[{"href":"https:\/\/cruzcartrade.com\/en\/wp-json\/wp\/v2\/types\/product"}],"replies":[{"embeddable":true,"href":"https:\/\/cruzcartrade.com\/en\/wp-json\/wp\/v2\/comments?post=10529"}],"wp:featuredmedia":[{"embeddable":true,"href":"https:\/\/cruzcartrade.com\/en\/wp-json\/wp\/v2\/media\/10532"}],"wp:attachment":[{"href":"https:\/\/cruzcartrade.com\/en\/wp-json\/wp\/v2\/media?parent=10529"}],"wp:term":[{"taxonomy":"product_brand","embeddable":true,"href":"https:\/\/cruzcartrade.com\/en\/wp-json\/wp\/v2\/product_brand?post=10529"},{"taxonomy":"product_cat","embeddable":true,"href":"https:\/\/cruzcartrade.com\/en\/wp-json\/wp\/v2\/product_cat?post=10529"},{"taxonomy":"product_tag","embeddable":true,"href":"https:\/\/cruzcartrade.com\/en\/wp-json\/wp\/v2\/product_tag?post=10529"}],"curies":[{"name":"wp","href":"https:\/\/api.w.org\/{rel}","templated":true}]}}