{"id":10420,"date":"2026-02-01T19:26:19","date_gmt":"2026-02-02T00:26:19","guid":{"rendered":"https:\/\/cruzcartrade.com\/?post_type=product&#038;p=10420"},"modified":"2026-02-01T19:42:03","modified_gmt":"2026-02-02T00:42:03","slug":"manija-interna-puerta-chevrolet-hhr-cromada-plastica-der-izq","status":"publish","type":"product","link":"https:\/\/cruzcartrade.com\/en\/product\/manija-interna-puerta-chevrolet-hhr-cromada-plastica-der-izq\/","title":{"rendered":"Manija Interna Puerta Chevrolet Hhr Cromada Pl\u00e1stica Der\/izq"},"content":{"rendered":"<p>MANIJA INTERNA PUERTA CHEVROLET HHR CROMADA PLASTICA DERECHA O IZQUIERDA Material: Pl\u00e1stico resistente. Color: Cromado. Somos CRUZ CAR TRADE S.A.S. Comercializadora de autopartes y repuestos para veh\u00edculos livianos y pesados. Ubicaci\u00f3n: Fontib\u00f3n Bogot\u00e1, Horario de atenci\u00f3n de lunes a s\u00e1bado de 8:00am a 5:00pm. (Las fotos de las publicaciones son de uso exclusivo y propiedad CRUZ CAR TRADE S.A.S.)<\/p>","protected":false},"excerpt":{"rendered":"<p>MANIJA INTERNA PUERTA CHEVROLET HHR CROMADA PLASTICA DERECHA O IZQUIERDA Material: Pl\u00e1stico resistente. Color: Cromado. Somos CRUZ CAR TRADE S.A.S. Comercializadora de autopartes y repuestos para veh\u00edculos livianos y pesados. Ubicaci\u00f3n: Fontib\u00f3n Bogot\u00e1, Horario de atenci\u00f3n de lunes a s\u00e1bado de 8:00am a 5:00pm. (Las fotos de las publicaciones son de uso exclusivo y propiedad CRUZ CAR TRADE S.A.S.)<\/p>","protected":false},"featured_media":10426,"comment_status":"open","ping_status":"closed","template":"","meta":[],"product_brand":[80],"product_cat":[86,16],"product_tag":[],"class_list":{"0":"post-10420","1":"product","2":"type-product","3":"status-publish","4":"has-post-thumbnail","6":"product_brand-chevrolet","7":"product_cat-manijas-internas","8":"product_cat-vehiculos-livianos","10":"first","11":"instock","12":"shipping-taxable","13":"purchasable","14":"product-type-variable"},"aioseo_notices":[],"_links":{"self":[{"href":"https:\/\/cruzcartrade.com\/en\/wp-json\/wp\/v2\/product\/10420","targetHints":{"allow":["GET"]}}],"collection":[{"href":"https:\/\/cruzcartrade.com\/en\/wp-json\/wp\/v2\/product"}],"about":[{"href":"https:\/\/cruzcartrade.com\/en\/wp-json\/wp\/v2\/types\/product"}],"replies":[{"embeddable":true,"href":"https:\/\/cruzcartrade.com\/en\/wp-json\/wp\/v2\/comments?post=10420"}],"wp:featuredmedia":[{"embeddable":true,"href":"https:\/\/cruzcartrade.com\/en\/wp-json\/wp\/v2\/media\/10426"}],"wp:attachment":[{"href":"https:\/\/cruzcartrade.com\/en\/wp-json\/wp\/v2\/media?parent=10420"}],"wp:term":[{"taxonomy":"product_brand","embeddable":true,"href":"https:\/\/cruzcartrade.com\/en\/wp-json\/wp\/v2\/product_brand?post=10420"},{"taxonomy":"product_cat","embeddable":true,"href":"https:\/\/cruzcartrade.com\/en\/wp-json\/wp\/v2\/product_cat?post=10420"},{"taxonomy":"product_tag","embeddable":true,"href":"https:\/\/cruzcartrade.com\/en\/wp-json\/wp\/v2\/product_tag?post=10420"}],"curies":[{"name":"wp","href":"https:\/\/api.w.org\/{rel}","templated":true}]}}