{"id":10248,"date":"2025-11-20T20:33:47","date_gmt":"2025-11-21T01:33:47","guid":{"rendered":"https:\/\/cruzcartrade.com\/?post_type=product&#038;p=10248"},"modified":"2025-11-24T23:30:19","modified_gmt":"2025-11-25T04:30:19","slug":"manija-vidrio-fiat-plastica-negra","status":"publish","type":"product","link":"https:\/\/cruzcartrade.com\/en\/product\/manija-vidrio-fiat-plastica-negra\/","title":{"rendered":"MANIJA VIDRIO FIAT PL\u00c1STICA NEGRA"},"content":{"rendered":"<p>Manija elevavidrios Fiat 147, City, Fiorino, Oggi, Panorama, Spazio Color: Negra. Material: Pl\u00e1stica. (Las fotos de las publicaciones son de uso exclusivo y propiedad CRUZ CAR TRADE S.A.S.) Ten presente que las im\u00e1genes del producto publicado son fotos de referencia y no corresponden necesariamente a la posici\u00f3n real.<\/p>","protected":false},"excerpt":{"rendered":"<p>Manija elevavidrios Fiat 147, City, Fiorino, Oggi, Panorama, Spazio Color: Negra. Material: Pl\u00e1stica. (Las fotos de las publicaciones son de uso exclusivo y propiedad CRUZ CAR TRADE S.A.S.) Ten presente que las im\u00e1genes del producto publicado son fotos de referencia y no corresponden necesariamente a la posici\u00f3n real.<\/p>","protected":false},"featured_media":10250,"comment_status":"open","ping_status":"closed","template":"","meta":[],"product_brand":[194],"product_cat":[84],"product_tag":[],"class_list":{"0":"post-10248","1":"product","2":"type-product","3":"status-publish","4":"has-post-thumbnail","6":"product_brand-fiat","7":"product_cat-manijas-elevavidrios","9":"first","10":"instock","11":"shipping-taxable","12":"purchasable","13":"product-type-simple"},"aioseo_notices":[],"_links":{"self":[{"href":"https:\/\/cruzcartrade.com\/en\/wp-json\/wp\/v2\/product\/10248","targetHints":{"allow":["GET"]}}],"collection":[{"href":"https:\/\/cruzcartrade.com\/en\/wp-json\/wp\/v2\/product"}],"about":[{"href":"https:\/\/cruzcartrade.com\/en\/wp-json\/wp\/v2\/types\/product"}],"replies":[{"embeddable":true,"href":"https:\/\/cruzcartrade.com\/en\/wp-json\/wp\/v2\/comments?post=10248"}],"wp:featuredmedia":[{"embeddable":true,"href":"https:\/\/cruzcartrade.com\/en\/wp-json\/wp\/v2\/media\/10250"}],"wp:attachment":[{"href":"https:\/\/cruzcartrade.com\/en\/wp-json\/wp\/v2\/media?parent=10248"}],"wp:term":[{"taxonomy":"product_brand","embeddable":true,"href":"https:\/\/cruzcartrade.com\/en\/wp-json\/wp\/v2\/product_brand?post=10248"},{"taxonomy":"product_cat","embeddable":true,"href":"https:\/\/cruzcartrade.com\/en\/wp-json\/wp\/v2\/product_cat?post=10248"},{"taxonomy":"product_tag","embeddable":true,"href":"https:\/\/cruzcartrade.com\/en\/wp-json\/wp\/v2\/product_tag?post=10248"}],"curies":[{"name":"wp","href":"https:\/\/api.w.org\/{rel}","templated":true}]}}