{"id":10206,"date":"2025-11-19T22:07:26","date_gmt":"2025-11-20T03:07:26","guid":{"rendered":"https:\/\/cruzcartrade.com\/?post_type=product&#038;p=10206"},"modified":"2025-11-24T23:20:37","modified_gmt":"2025-11-25T04:20:37","slug":"manija-elevavidrio-chevrolet-swift-plastica","status":"publish","type":"product","link":"https:\/\/cruzcartrade.com\/en\/product\/manija-elevavidrio-chevrolet-swift-plastica\/","title":{"rendered":"MANIJA VIDRIO CHEVROLET SWIFT"},"content":{"rendered":"<p>Manija Elevavidrio Chevrolet Swift Pl\u00e1stica gris Buje Met\u00e1lico. Material: Pl\u00e1stica, Color: Gris. (Las fotos de las publicaciones son de uso exclusivo y propiedad CRUZ CAR TRADE S.A.S.) Ten presente que las im\u00e1genes del producto publicado son fotos de referencia y no corresponden necesariamente a la posici\u00f3n real.<\/p>","protected":false},"excerpt":{"rendered":"<p>Manija Elevavidrios Chevrolet Swift Pl\u00e1stica gris Buje Met\u00e1lico. Material: Pl\u00e1stica, Color: Gris. (Las fotos de las publicaciones son de uso exclusivo y propiedad CRUZ CAR TRADE S.A.S.) Ten presente que las im\u00e1genes del producto publicado son fotos de referencia y no corresponden necesariamente a la posici\u00f3n real.<\/p>","protected":false},"featured_media":10221,"comment_status":"open","ping_status":"closed","template":"","meta":[],"product_brand":[80],"product_cat":[84],"product_tag":[],"class_list":{"0":"post-10206","1":"product","2":"type-product","3":"status-publish","4":"has-post-thumbnail","6":"product_brand-chevrolet","7":"product_cat-manijas-elevavidrios","9":"first","10":"instock","11":"shipping-taxable","12":"purchasable","13":"product-type-simple"},"aioseo_notices":[],"_links":{"self":[{"href":"https:\/\/cruzcartrade.com\/en\/wp-json\/wp\/v2\/product\/10206","targetHints":{"allow":["GET"]}}],"collection":[{"href":"https:\/\/cruzcartrade.com\/en\/wp-json\/wp\/v2\/product"}],"about":[{"href":"https:\/\/cruzcartrade.com\/en\/wp-json\/wp\/v2\/types\/product"}],"replies":[{"embeddable":true,"href":"https:\/\/cruzcartrade.com\/en\/wp-json\/wp\/v2\/comments?post=10206"}],"wp:featuredmedia":[{"embeddable":true,"href":"https:\/\/cruzcartrade.com\/en\/wp-json\/wp\/v2\/media\/10221"}],"wp:attachment":[{"href":"https:\/\/cruzcartrade.com\/en\/wp-json\/wp\/v2\/media?parent=10206"}],"wp:term":[{"taxonomy":"product_brand","embeddable":true,"href":"https:\/\/cruzcartrade.com\/en\/wp-json\/wp\/v2\/product_brand?post=10206"},{"taxonomy":"product_cat","embeddable":true,"href":"https:\/\/cruzcartrade.com\/en\/wp-json\/wp\/v2\/product_cat?post=10206"},{"taxonomy":"product_tag","embeddable":true,"href":"https:\/\/cruzcartrade.com\/en\/wp-json\/wp\/v2\/product_tag?post=10206"}],"curies":[{"name":"wp","href":"https:\/\/api.w.org\/{rel}","templated":true}]}}