{"id":10173,"date":"2025-10-08T17:25:39","date_gmt":"2025-10-08T22:25:39","guid":{"rendered":"https:\/\/cruzcartrade.com\/?post_type=product&#038;p=10173"},"modified":"2025-10-08T20:16:30","modified_gmt":"2025-10-09T01:16:30","slug":"manija-baul-chevrolet-blazer-mariposa-metalica","status":"publish","type":"product","link":"https:\/\/cruzcartrade.com\/en\/product\/manija-baul-chevrolet-blazer-mariposa-metalica\/","title":{"rendered":"MANIJA BAUL COMPUERTA CHEVROLET MARIPOSA BLAZER"},"content":{"rendered":"<p>Manija Ba\u00fal Chevrolet Blazer Mariposa Met\u00e1lica Con 2 Llaves. Material: Pl\u00e1stico, Color: Negra. (Las fotos de las publicaciones son de uso exclusivo y propiedad CRUZ CAR TRADE S.A.S.) Fontib\u00f3n, Bogot\u00e1 D.c. Ten presente que las im\u00e1genes del producto publicado son fotos de referencia y no corresponden necesariamente a la posici\u00f3n real.<\/p>","protected":false},"excerpt":{"rendered":"<p>Manija Ba\u00fal Chevrolet Blazer Mariposa Met\u00e1lica Con 2 Llaves. Material: Pl\u00e1stico, Color: Negra. (Las fotos de las publicaciones son de uso exclusivo y propiedad CRUZ CAR TRADE S.A.S.) Fontib\u00f3n, Bogot\u00e1 D.c. Ten presente que las im\u00e1genes del producto publicado son fotos de referencia y no corresponden necesariamente a la posici\u00f3n real.<\/p>","protected":false},"featured_media":10174,"comment_status":"open","ping_status":"closed","template":"","meta":[],"product_brand":[80],"product_cat":[88],"product_tag":[],"class_list":{"0":"post-10173","1":"product","2":"type-product","3":"status-publish","4":"has-post-thumbnail","6":"product_brand-chevrolet","7":"product_cat-manijas-de-baul-o-compuerta","9":"first","10":"instock","11":"shipping-taxable","12":"purchasable","13":"product-type-simple"},"aioseo_notices":[],"_links":{"self":[{"href":"https:\/\/cruzcartrade.com\/en\/wp-json\/wp\/v2\/product\/10173","targetHints":{"allow":["GET"]}}],"collection":[{"href":"https:\/\/cruzcartrade.com\/en\/wp-json\/wp\/v2\/product"}],"about":[{"href":"https:\/\/cruzcartrade.com\/en\/wp-json\/wp\/v2\/types\/product"}],"replies":[{"embeddable":true,"href":"https:\/\/cruzcartrade.com\/en\/wp-json\/wp\/v2\/comments?post=10173"}],"wp:featuredmedia":[{"embeddable":true,"href":"https:\/\/cruzcartrade.com\/en\/wp-json\/wp\/v2\/media\/10174"}],"wp:attachment":[{"href":"https:\/\/cruzcartrade.com\/en\/wp-json\/wp\/v2\/media?parent=10173"}],"wp:term":[{"taxonomy":"product_brand","embeddable":true,"href":"https:\/\/cruzcartrade.com\/en\/wp-json\/wp\/v2\/product_brand?post=10173"},{"taxonomy":"product_cat","embeddable":true,"href":"https:\/\/cruzcartrade.com\/en\/wp-json\/wp\/v2\/product_cat?post=10173"},{"taxonomy":"product_tag","embeddable":true,"href":"https:\/\/cruzcartrade.com\/en\/wp-json\/wp\/v2\/product_tag?post=10173"}],"curies":[{"name":"wp","href":"https:\/\/api.w.org\/{rel}","templated":true}]}}