{"id":10161,"date":"2025-10-07T16:34:22","date_gmt":"2025-10-07T21:34:22","guid":{"rendered":"https:\/\/cruzcartrade.com\/?post_type=product&#038;p=10161"},"modified":"2026-02-27T21:11:42","modified_gmt":"2026-02-28T02:11:42","slug":"manija-baul-compuerta-pequena-chevrolet-vitara-negra","status":"publish","type":"product","link":"https:\/\/cruzcartrade.com\/en\/product\/manija-baul-compuerta-pequena-chevrolet-vitara-negra\/","title":{"rendered":"MANIJA BAUL COMPUERTA CHEVROLET VITARA NEGRA PEQUE\u00d1A"},"content":{"rendered":"<p>Manija Ba\u00fal Compuerta Peque\u00f1a Chevrolet Vitara Negra. Material: Pl\u00e1stico, Color: Negra. (Las fotos de las publicaciones son de uso exclusivo y propiedad CRUZ CAR TRADE S.A.S.) Fontib\u00f3n, Bogot\u00e1 D.c. Ten presente que las im\u00e1genes del producto publicado son fotos de referencia y no corresponden necesariamente a la posici\u00f3n real.<\/p>","protected":false},"excerpt":{"rendered":"<p>Manija Ba\u00fal Compuerta Peque\u00f1a Chevrolet Vitara Negra. Material: Pl\u00e1stico, Color: Negra. (Las fotos de las publicaciones son de uso exclusivo y propiedad CRUZ CAR TRADE S.A.S.) Fontib\u00f3n, Bogot\u00e1 D.c. Ten presente que las im\u00e1genes del producto publicado son fotos de referencia y no corresponden necesariamente a la posici\u00f3n real.<\/p>","protected":false},"featured_media":10162,"comment_status":"open","ping_status":"closed","template":"","meta":[],"product_brand":[80],"product_cat":[88],"product_tag":[],"class_list":{"0":"post-10161","1":"product","2":"type-product","3":"status-publish","4":"has-post-thumbnail","6":"product_brand-chevrolet","7":"product_cat-manijas-de-baul-o-compuerta","9":"first","10":"instock","11":"shipping-taxable","12":"purchasable","13":"product-type-simple"},"aioseo_notices":[],"_links":{"self":[{"href":"https:\/\/cruzcartrade.com\/en\/wp-json\/wp\/v2\/product\/10161","targetHints":{"allow":["GET"]}}],"collection":[{"href":"https:\/\/cruzcartrade.com\/en\/wp-json\/wp\/v2\/product"}],"about":[{"href":"https:\/\/cruzcartrade.com\/en\/wp-json\/wp\/v2\/types\/product"}],"replies":[{"embeddable":true,"href":"https:\/\/cruzcartrade.com\/en\/wp-json\/wp\/v2\/comments?post=10161"}],"wp:featuredmedia":[{"embeddable":true,"href":"https:\/\/cruzcartrade.com\/en\/wp-json\/wp\/v2\/media\/10162"}],"wp:attachment":[{"href":"https:\/\/cruzcartrade.com\/en\/wp-json\/wp\/v2\/media?parent=10161"}],"wp:term":[{"taxonomy":"product_brand","embeddable":true,"href":"https:\/\/cruzcartrade.com\/en\/wp-json\/wp\/v2\/product_brand?post=10161"},{"taxonomy":"product_cat","embeddable":true,"href":"https:\/\/cruzcartrade.com\/en\/wp-json\/wp\/v2\/product_cat?post=10161"},{"taxonomy":"product_tag","embeddable":true,"href":"https:\/\/cruzcartrade.com\/en\/wp-json\/wp\/v2\/product_tag?post=10161"}],"curies":[{"name":"wp","href":"https:\/\/api.w.org\/{rel}","templated":true}]}}