{"id":10023,"date":"2025-09-22T18:59:10","date_gmt":"2025-09-22T23:59:10","guid":{"rendered":"https:\/\/cruzcartrade.com\/?post_type=product&#038;p=10023"},"modified":"2025-09-22T22:34:42","modified_gmt":"2025-09-23T03:34:42","slug":"manija-interna-puerta-chevrolet-corsa-delantera","status":"publish","type":"product","link":"https:\/\/cruzcartrade.com\/en\/product\/manija-interna-puerta-chevrolet-corsa-delantera\/","title":{"rendered":"MANIJA INTERNA PUERTA CHEVROLET CORSA DELANTERA NEGRA O GRIS, DER O IZQ"},"content":{"rendered":"<p>Manija Interna Puerta Chevrolet Corsa Delantera Pl\u00e1stica Derecha o Izquierda Material: Pl\u00e1stico resistente, Color: Gris, Negro. (Las fotos de las publicaciones son de uso exclusivo y propiedad CRUZ CAR TRADE S.A.S.) Fontib\u00f3n, Bogot\u00e1 D.c. Ten presente que las im\u00e1genes del producto publicado son fotos de referencia y no corresponden necesariamente a la posici\u00f3n real.<\/p>","protected":false},"excerpt":{"rendered":"<p>Manija Interna Puerta Chevrolet Corsa Delantera Pl\u00e1stica Derecha o Izquierda Material: Pl\u00e1stico resistente, Color: Gris, Negro. (Las fotos de las publicaciones son de uso exclusivo y propiedad CRUZ CAR TRADE S.A.S.) Fontib\u00f3n, Bogot\u00e1 D.c. Ten presente que las im\u00e1genes del producto publicado son fotos de referencia y no corresponden necesariamente a la posici\u00f3n real.<\/p>","protected":false},"featured_media":10026,"comment_status":"open","ping_status":"closed","template":"","meta":[],"product_brand":[80],"product_cat":[86],"product_tag":[],"class_list":{"0":"post-10023","1":"product","2":"type-product","3":"status-publish","4":"has-post-thumbnail","6":"product_brand-chevrolet","7":"product_cat-manijas-internas","9":"first","10":"instock","11":"shipping-taxable","12":"purchasable","13":"product-type-variable"},"aioseo_notices":[],"_links":{"self":[{"href":"https:\/\/cruzcartrade.com\/en\/wp-json\/wp\/v2\/product\/10023","targetHints":{"allow":["GET"]}}],"collection":[{"href":"https:\/\/cruzcartrade.com\/en\/wp-json\/wp\/v2\/product"}],"about":[{"href":"https:\/\/cruzcartrade.com\/en\/wp-json\/wp\/v2\/types\/product"}],"replies":[{"embeddable":true,"href":"https:\/\/cruzcartrade.com\/en\/wp-json\/wp\/v2\/comments?post=10023"}],"wp:featuredmedia":[{"embeddable":true,"href":"https:\/\/cruzcartrade.com\/en\/wp-json\/wp\/v2\/media\/10026"}],"wp:attachment":[{"href":"https:\/\/cruzcartrade.com\/en\/wp-json\/wp\/v2\/media?parent=10023"}],"wp:term":[{"taxonomy":"product_brand","embeddable":true,"href":"https:\/\/cruzcartrade.com\/en\/wp-json\/wp\/v2\/product_brand?post=10023"},{"taxonomy":"product_cat","embeddable":true,"href":"https:\/\/cruzcartrade.com\/en\/wp-json\/wp\/v2\/product_cat?post=10023"},{"taxonomy":"product_tag","embeddable":true,"href":"https:\/\/cruzcartrade.com\/en\/wp-json\/wp\/v2\/product_tag?post=10023"}],"curies":[{"name":"wp","href":"https:\/\/api.w.org\/{rel}","templated":true}]}}