{"id":5212,"date":"2021-08-25T07:26:28","date_gmt":"2021-08-25T07:26:28","guid":{"rendered":"http:\/\/dummy.xtemos.com\/woodmart2\/?page_id=5212"},"modified":"2026-02-05T15:50:54","modified_gmt":"2026-02-05T20:50:54","slug":"about-us-3","status":"publish","type":"page","link":"https:\/\/cruzcartrade.com\/en\/about-us-3\/","title":{"rendered":"About us"},"content":{"rendered":"<div class=\"wpb-content-wrapper\"><div data-vc-full-width=\"true\" data-vc-full-width-temp=\"true\" data-vc-full-width-init=\"false\" class=\"vc_row wpb_row vc_row-fluid vc_custom_1770323389973 vc_row-has-fill vc_row-o-content-middle vc_row-flex wd-rs-6984fd36bea48\"><div class=\"wpb_column vc_column_container vc_col-sm-12 vc_col-lg-4 vc_col-md-4 vc_col-xs-12 wd-rs-6125f2fa74bd9\"><div class=\"vc_column-inner vc_custom_1629876989711\"><div class=\"wpb_wrapper\">\n\t\t<div id=\"wd-6883e5875007e\" class=\"title-wrapper wd-wpb wd-set-mb reset-last-child  wd-rs-6883e5875007e wd-title-color-primary wd-title-style-default text-left vc_custom_1753474460362 wd-width-enabled wd-underline-colored\" style=\"--wd-max-width: 90%;\">\n\t\t\t\t\t\t\t\n\t\t\t\t<div class=\"title-subtitle  subtitle-color-primary font-default subtitle-style-background wd-font-weight-800 wd-fontsize-xs\">GRANDES COSAS SUCEDEN<\/div>\n\t\t\t\n\t\t\t<div class=\"liner-continer\">\n\t\t\t\t<h4 class=\"woodmart-title-container title  wd-font-weight- wd-fontsize-xxl\" >CRUZ CAR TRADE<\/h4>\n\t\t\t\t\t\t\t<\/div>\n\t\t\t\n\t\t\t\n\t\t\t\n\t\t<\/div>\n\t\t\n\t\t<\/div><\/div><\/div><div class=\"wpb_column vc_column_container vc_col-sm-6 vc_col-lg-offset-1 vc_col-lg-3 vc_col-md-4 wd-rs-6125f2f5a2779\"><div class=\"vc_column-inner vc_custom_1629876984854\"><div class=\"wpb_wrapper\">\t\t\t<div class=\"info-box-wrapper\">\n\t\t\t\t<div id=\"wd-68afcb2f83821\" class=\"wd-rs-68afcb2f83821 wd-info-box wd-wpb text-left box-icon-align-left box-style- color-scheme- wd-bg-none wd-items-top vc_custom_1756351304220\">\n\t\t\t\t\t\t\t\t\t\t<div class=\"info-box-content\">\n\t\t\t\t\t\t<h4 class=\"info-box-title title box-title-style-default wd-fontsize-m\">Misi\u00f3n<\/h4>\t\t\t\t\t\t<div class=\"info-box-inner reset-last-child\"><p>Nuestro negocio siempre estar\u00e1 enfocado en satisfacer integralmente toda la cadena de valor, desde su fabricaci\u00f3n, importaci\u00f3n, consultor\u00eda, comercializaci\u00f3n y postventa. Conectamos personas, negocios y experiencias a trav\u00e9s de un equipo profesional con amplia experiencia en brindar soluciones a nuestros clientes, proveedores y negocios del sector automotriz en Colombia, Latinoam\u00e9rica y el resto del mundo.<\/p>\n<\/div>\n\n\t\t\t\t\t\t\t\t\t\t\t<\/div>\n\n\t\t\t\t\t\t\t\t\t\t\t<a class=\"wd-info-box-link wd-fill\" aria-label=\"Infobox link\" href=\"#\" title=\"\"><\/a>\n\t\t\t\t\t\n\t\t\t\t\t\t\t\t\t<\/div>\n\t\t\t<\/div>\n\t\t<\/div><\/div><\/div><div class=\"wpb_column vc_column_container vc_col-sm-6 vc_col-lg-offset-1 vc_col-lg-3 vc_col-md-4 wd-rs-6125f2efc6c08\"><div class=\"vc_column-inner vc_custom_1629876980184\"><div class=\"wpb_wrapper\">\t\t\t<div class=\"info-box-wrapper\">\n\t\t\t\t<div id=\"wd-68afcb4b0dbeb\" class=\"wd-rs-68afcb4b0dbeb wd-info-box wd-wpb text-left box-icon-align-left box-style- color-scheme- wd-bg-none wd-items-top vc_custom_1756351324772\">\n\t\t\t\t\t\t\t\t\t\t<div class=\"info-box-content\">\n\t\t\t\t\t\t<h4 class=\"info-box-title title box-title-style-default wd-fontsize-m\">Visi\u00f3n<\/h4>\t\t\t\t\t\t<div class=\"info-box-inner reset-last-child\"><p>Seremos una empresa que transforma e impulsa el mercado autopartista nacional e internacional, con excelencia, calidad y compromiso empresarial. Inspiramos un nuevo est\u00e1ndar en el mercado de autopartes, donde la innovaci\u00f3n, la confianza y la responsabilidad social vayan siempre de la mano. Convirti\u00e9ndonos de esta manera en una empresa l\u00edder en la asesor\u00eda, importaci\u00f3n y comercializaci\u00f3n de autopartes, accesorios y repuestos para satisfacer las necesidades de todos nuestros clientes y aliados estrat\u00e9gicos, velando siempre por el bienestar de las personas y los negocios que depositen su confianza en nosotros.<\/p>\n<\/div>\n\n\t\t\t\t\t\t\t\t\t\t\t<\/div>\n\n\t\t\t\t\t\t\t\t\t\t\t<a class=\"wd-info-box-link wd-fill\" aria-label=\"Infobox link\" href=\"#\" title=\"\"><\/a>\n\t\t\t\t\t\n\t\t\t\t\t\t\t\t\t<\/div>\n\t\t\t<\/div>\n\t\t<\/div><\/div><\/div><\/div><div class=\"vc_row-full-width vc_clearfix\"><\/div><div class=\"vc_row wpb_row vc_row-fluid vc_custom_1629877038080 row-reverse-mobile row-reverse-tablet wd-rs-6125f32826e3d\"><div class=\"wpb_column vc_column_container vc_col-sm-12 vc_col-lg-6 vc_col-md-6 wd-rs-6125f30edad72\"><div class=\"vc_column-inner vc_custom_1629877010833\"><div class=\"wpb_wrapper\">\t\t<div id=\"wd-68afcbdc43866\" class=\"wd-image wd-wpb wd-rs-68afcbdc43866 text-left vc_custom_1756351629268\">\n\t\t\t\n\t\t\t<img decoding=\"async\" width=\"1536\" height=\"1024\" src=\"https:\/\/cruzcartrade.com\/wp-content\/uploads\/2025\/08\/IMAGEN-QUIENES-SOMOS-CCT.png\" class=\"attachment-full size-full\" alt=\"Puerto ilustrado donde se observan carros container un barco camiones\" srcset=\"https:\/\/cruzcartrade.com\/wp-content\/uploads\/2025\/08\/IMAGEN-QUIENES-SOMOS-CCT.png 1536w, https:\/\/cruzcartrade.com\/wp-content\/uploads\/2025\/08\/IMAGEN-QUIENES-SOMOS-CCT-400x267.png 400w, https:\/\/cruzcartrade.com\/wp-content\/uploads\/2025\/08\/IMAGEN-QUIENES-SOMOS-CCT-1200x800.png 1200w, https:\/\/cruzcartrade.com\/wp-content\/uploads\/2025\/08\/IMAGEN-QUIENES-SOMOS-CCT-768x512.png 768w, https:\/\/cruzcartrade.com\/wp-content\/uploads\/2025\/08\/IMAGEN-QUIENES-SOMOS-CCT-430x287.png 430w, https:\/\/cruzcartrade.com\/wp-content\/uploads\/2025\/08\/IMAGEN-QUIENES-SOMOS-CCT-700x467.png 700w, https:\/\/cruzcartrade.com\/wp-content\/uploads\/2025\/08\/IMAGEN-QUIENES-SOMOS-CCT-150x100.png 150w\" sizes=\"(max-width: 1536px) 100vw, 1536px\" \/>\n\t\t\t\t\t<\/div>\n\t\t<\/div><\/div><\/div><div class=\"wpb_column vc_column_container vc_col-sm-12 vc_col-lg-offset-1 vc_col-lg-5 vc_col-md-6 vc_col-xs-12 wd-rs-6125f320eb687\"><div class=\"vc_column-inner vc_custom_1629877027060\"><div class=\"wpb_wrapper\">\n\t\t<div id=\"wd-68831dc6c28d3\" class=\"title-wrapper wd-wpb wd-set-mb reset-last-child  wd-rs-68831dc6c28d3 wd-title-color-primary wd-title-style-default text-left vc_custom_1753423371775 wd-underline-colored\">\n\t\t\t\t\t\t\t\n\t\t\t\t<div class=\"title-subtitle  subtitle-color-primary font-default subtitle-style-default wd-font-weight-600 wd-fontsize-xs\">Cruz Car Trade S.A.S<\/div>\n\t\t\t\n\t\t\t<div class=\"liner-continer\">\n\t\t\t\t<h4 class=\"woodmart-title-container title  wd-font-weight- wd-fontsize-xxl\" >\u00bfQUIENES SOMOS?<\/h4>\n\t\t\t\t\t\t\t<\/div>\n\t\t\t\n\t\t\t\n\t\t\t\n\t\t<\/div>\n\t\t\n\t\t\t\t<div id=\"wd-6883e4d790466\" class=\"wd-text-block wd-wpb reset-last-child wd-rs-6883e4d790466 text-left wd-width-enabled wd-fontsize-s vc_custom_1753474274658\" style=\"--wd-max-width: 90%;\">\n\t\t\t<p><span style=\"color: #000000;\"><em>Somos una compa\u00f1\u00eda colombiana dedicada a la Importaci\u00f3n,\u00a0 comercializaci\u00f3n y distribuci\u00f3n de autopartes, repuestos y accesorios para diferentes l\u00edneas y marcas de veh\u00edculos livianos y pesados, trabajamos con\u00a0 los m\u00e1s altos est\u00e1ndares de calidad en la comercializaci\u00f3n\u00a0 con nuestro Personal, Clientes y Proveedores.<\/em><\/span><\/p>\n\t\t<\/div>\n\t\t\t\t<div id=\"wd-68831e31ef0d2\" class=\"wd-text-block wd-wpb reset-last-child wd-rs-68831e31ef0d2 text-left wd-fontsize-custom vc_custom_1753423426025\">\n\t\t\t<p>Velamos por ser una empresa que promueve pr\u00e1cticas\u00a0 \u00e9ticas, sociales y medioambientales, responsables a lo\u00a0 largo de toda la cadena de suministro de nuestros productos, desde su fabricaci\u00f3n hasta la comercializaci\u00f3n al cliente final, verificando que nuestros\u00a0 proveedores cuenten con pr\u00e1cticas empresariales totalmente\u00a0 transparentes y con la mejor trazabilidad, garant\u00eda y calidad.<\/p>\n\t\t<\/div>\n\t\t<\/div><\/div><\/div><\/div><section data-vc-full-width=\"true\" data-vc-full-width-temp=\"true\" data-vc-full-width-init=\"false\" class=\"vc_section vc_custom_1629877074547 vc_section-has-fill wd-rs-6125f33d39481\"><div class=\"vc_row wpb_row vc_row-fluid vc_custom_1615814278162 vc_row-o-equal-height vc_row-o-content-middle vc_row-flex\"><div class=\"wpb_column vc_column_container vc_col-sm-6 color-scheme-light wd-rs-6125f35912e56\"><div class=\"vc_column-inner vc_custom_1629877084287\"><div class=\"wpb_wrapper\">\n\t\t<div id=\"wd-6984fe8d24910\" class=\"title-wrapper wd-wpb wd-set-mb reset-last-child  wd-rs-6984fe8d24910 wd-title-color-primary wd-title-style-default text-left vc_custom_1770323692984 wd-width-enabled wd-underline-colored\" style=\"--wd-max-width: 90%;\">\n\t\t\t\t\t\t\t\n\t\t\t\t<div class=\"title-subtitle  subtitle-color-primary font-default subtitle-style-background wd-font-weight-600 wd-fontsize-xs\">Lo hacemos por ti con cari\u00f1o<\/div>\n\t\t\t\n\t\t\t<div class=\"liner-continer\">\n\t\t\t\t<h4 class=\"woodmart-title-container title  wd-font-weight- wd-fontsize-xxl\" >Algunas cifras que te pueden interesar<\/h4>\n\t\t\t\t\t\t\t<\/div>\n\t\t\t\n\t\t\t\n\t\t\t\n\t\t<\/div>\n\t\t\n\t\t<\/div><\/div><\/div><div class=\"wpb_column vc_column_container vc_col-sm-6 wd-rs-6125f353ede07\"><div class=\"vc_column-inner vc_custom_1629877079783\"><div class=\"wpb_wrapper\"><div class=\"vc_row wpb_row vc_inner vc_row-fluid vc_custom_1615814565315 vc_row-has-fill vc_row-o-equal-height vc_row-flex\"><div class=\"wpb_column vc_column_container vc_col-sm-6 vc_col-xs-6 vc_col-has-fill\"><div class=\"vc_column-inner vc_custom_1499604113587\"><div class=\"wpb_wrapper\">\t\t\t<div class=\"woodmart-counter wd-wpb  wd-rs-688321707a216 counter-large text-center color-scheme-light\" id=\"wd-688321707a216\">\n\t\t\t\t<div class=\"counter-value wd-font-weight-600\" data-state=\"new\" data-final=\"2020\">\n\t\t\t\t\t0\t\t\t\t<\/div>\n\t\t\t\t\t\t\t\t\t<div class=\"counter-label\">COMENZAMOS EN EL A\u00d1O<\/div>\n\t\t\t\t\t\t\t\t\t\t\t<\/div>\n\n\t\t<\/div><\/div><\/div><div class=\"wpb_column vc_column_container vc_col-sm-6 vc_col-xs-6\"><div class=\"vc_column-inner vc_custom_1499604100036\"><div class=\"wpb_wrapper\">\t\t\t<div class=\"woodmart-counter wd-wpb  wd-rs-688321fd3dd49 counter-large text-center color-scheme-light\" id=\"wd-688321fd3dd49\">\n\t\t\t\t<div class=\"counter-value wd-font-weight-600\" data-state=\"new\" data-final=\"2800\">\n\t\t\t\t\t0\t\t\t\t<\/div>\n\t\t\t\t\t\t\t\t\t<div class=\"counter-label\">CLIENTES SATISFECHOS<\/div>\n\t\t\t\t\t\t\t\t\t\t\t<\/div>\n\n\t\t<\/div><\/div><\/div><\/div><div class=\"vc_row wpb_row vc_inner vc_row-fluid vc_custom_1499603294997 vc_row-has-fill\"><div class=\"wpb_column vc_column_container vc_col-sm-6 vc_col-xs-6 vc_col-has-fill\"><div class=\"vc_column-inner vc_custom_1499604519781\"><div class=\"wpb_wrapper\">\t\t\t<div class=\"woodmart-counter wd-wpb  wd-rs-688322239200d counter-large text-center color-scheme-light\" id=\"wd-688322239200d\">\n\t\t\t\t<div class=\"counter-value wd-font-weight-600\" data-state=\"new\" data-final=\"60\">\n\t\t\t\t\t0\t\t\t\t<\/div>\n\t\t\t\t\t\t\t\t\t<div class=\"counter-label\">EMPRESAS ALIADAS<\/div>\n\t\t\t\t\t\t\t\t\t\t\t<\/div>\n\n\t\t<\/div><\/div><\/div><div class=\"wpb_column vc_column_container vc_col-sm-6 vc_col-xs-6\"><div class=\"vc_column-inner vc_custom_1499604526470\"><div class=\"wpb_wrapper\">\t\t\t<div class=\"woodmart-counter wd-wpb  wd-rs-6883223bbc533 counter-large text-center color-scheme-light\" id=\"wd-6883223bbc533\">\n\t\t\t\t<div class=\"counter-value wd-font-weight-600\" data-state=\"new\" data-final=\"620\">\n\t\t\t\t\t0\t\t\t\t<\/div>\n\t\t\t\t\t\t\t\t\t<div class=\"counter-label\">PROMEDIO DE PRODUCTOS VENDIDOS POR MES<\/div>\n\t\t\t\t\t\t\t\t\t\t\t<\/div>\n\n\t\t<\/div><\/div><\/div><\/div><div class=\"vc_row wpb_row vc_inner vc_row-fluid vc_custom_1499603310379\"><div class=\"wpb_column vc_column_container vc_col-sm-6 vc_col-xs-6 vc_col-has-fill\"><div class=\"vc_column-inner vc_custom_1499604535206\"><div class=\"wpb_wrapper\">\t\t\t<div class=\"woodmart-counter wd-wpb  wd-rs-6984fe2a2aae8 counter-large text-center color-scheme-light\" id=\"wd-6984fe2a2aae8\">\n\t\t\t\t<div class=\"counter-value wd-font-weight-600\" data-state=\"new\" data-final=\"100\">\n\t\t\t\t\t0\t\t\t\t<\/div>\n\t\t\t\t\t\t\t\t\t<div class=\"counter-label\">MARCAS<\/div>\n\t\t\t\t\t\t\t\t\t\t\t<\/div>\n\n\t\t<\/div><\/div><\/div><div class=\"wpb_column vc_column_container vc_col-sm-6 vc_col-xs-6\"><div class=\"vc_column-inner vc_custom_1499604548790\"><div class=\"wpb_wrapper\">\t\t\t<div class=\"woodmart-counter wd-wpb  wd-rs-688322b520d68 counter-large text-center color-scheme-light\" id=\"wd-688322b520d68\">\n\t\t\t\t<div class=\"counter-value wd-font-weight-600\" data-state=\"new\" data-final=\"1960\">\n\t\t\t\t\t0\t\t\t\t<\/div>\n\t\t\t\t\t\t\t\t\t<div class=\"counter-label\">PRODUCTOS EN STOCK<\/div>\n\t\t\t\t\t\t\t\t\t\t\t<\/div>\n\n\t\t<\/div><\/div><\/div><\/div><\/div><\/div><\/div><\/div><\/section><div class=\"vc_row-full-width vc_clearfix\"><\/div><div class=\"vc_row wpb_row vc_row-fluid\"><div class=\"wpb_column vc_column_container vc_col-sm-6\"><div class=\"vc_column-inner vc_custom_1615617895716\"><div class=\"wpb_wrapper\">\n\t<div  class=\"wpb_single_image wpb_content_element vc_align_left\">\n\t\t\n\t\t<figure class=\"wpb_wrapper vc_figure\">\n\t\t\t<div class=\"vc_single_image-wrapper   vc_box_border_grey\"><img decoding=\"async\" width=\"2560\" height=\"1707\" src=\"https:\/\/cruzcartrade.com\/wp-content\/uploads\/2026\/02\/Imagen-de-nosotros_1-scaled.png\" class=\"vc_single_image-img attachment-full\" alt=\"Imagen de apoyo , para secci\u00f3n de nosotros\" title=\"Imagen de apoyo , para secci\u00f3n de nosotros\" srcset=\"https:\/\/cruzcartrade.com\/wp-content\/uploads\/2026\/02\/Imagen-de-nosotros_1-scaled.png 2560w, https:\/\/cruzcartrade.com\/wp-content\/uploads\/2026\/02\/Imagen-de-nosotros_1-400x267.png 400w, https:\/\/cruzcartrade.com\/wp-content\/uploads\/2026\/02\/Imagen-de-nosotros_1-1200x800.png 1200w, https:\/\/cruzcartrade.com\/wp-content\/uploads\/2026\/02\/Imagen-de-nosotros_1-768x512.png 768w, https:\/\/cruzcartrade.com\/wp-content\/uploads\/2026\/02\/Imagen-de-nosotros_1-1536x1024.png 1536w, https:\/\/cruzcartrade.com\/wp-content\/uploads\/2026\/02\/Imagen-de-nosotros_1-2048x1366.png 2048w, https:\/\/cruzcartrade.com\/wp-content\/uploads\/2026\/02\/Imagen-de-nosotros_1-18x12.png 18w, https:\/\/cruzcartrade.com\/wp-content\/uploads\/2026\/02\/Imagen-de-nosotros_1-430x287.png 430w, https:\/\/cruzcartrade.com\/wp-content\/uploads\/2026\/02\/Imagen-de-nosotros_1-700x467.png 700w, https:\/\/cruzcartrade.com\/wp-content\/uploads\/2026\/02\/Imagen-de-nosotros_1-150x100.png 150w\" sizes=\"(max-width: 2560px) 100vw, 2560px\" \/><\/div>\n\t\t<\/figure>\n\t<\/div>\n\n\t\t<div id=\"wd-6985013cb3733\" class=\"title-wrapper wd-wpb wd-set-mb reset-last-child  wd-rs-6985013cb3733 wd-title-color-default wd-title-style-default text-left vc_custom_1770324336052 wd-underline-colored\">\n\t\t\t\n\t\t\t<div class=\"liner-continer\">\n\t\t\t\t<h4 class=\"woodmart-title-container title  wd-font-weight- wd-fontsize-l\" >CRUZ CAR TRADE S.A.S<\/h4>\n\t\t\t\t\t\t\t<\/div>\n\t\t\t\n\t\t\t\n\t\t\t\n\t\t<\/div>\n\t\t\n\t\t\t\t<div id=\"wd-69850171d1bab\" class=\"wd-text-block wd-wpb reset-last-child wd-rs-69850171d1bab text-left wd-width-custom wd-fontsize-s\">\n\t\t\t<p>\u201cSomos aliados estrat\u00e9gicos en la comercializaci\u00f3n de autopartes para veh\u00edculos livianos y de l\u00ednea pesada, con un compromiso constante por la excelencia.\u201d<\/p>\n\t\t<\/div>\n\t\t<\/div><\/div><\/div><div class=\"wpb_column vc_column_container vc_col-sm-6 wd-rs-6125f363cf509\"><div class=\"vc_column-inner vc_custom_1629877093976\"><div class=\"wpb_wrapper\">\n\t\t<div id=\"wd-6883e67cbe8b8\" class=\"title-wrapper wd-wpb wd-set-mb reset-last-child  wd-rs-6883e67cbe8b8 wd-title-color-default wd-title-style-default text-left vc_custom_1753474693759 wd-underline-colored\">\n\t\t\t\n\t\t\t<div class=\"liner-continer\">\n\t\t\t\t<h4 class=\"woodmart-title-container title  wd-font-weight- wd-fontsize-l\" >CADENA DE VALOR PARA CLIENTES<\/h4>\n\t\t\t\t\t\t\t<\/div>\n\t\t\t\n\t\t\t\n\t\t\t\n\t\t<\/div>\n\t\t\n\t\t\t\t<div id=\"wd-6883e6729a5ba\" class=\"wd-text-block wd-wpb reset-last-child wd-rs-6883e6729a5ba text-left wd-width-custom wd-fontsize-s\">\n\t\t\t<ol>\n<li><span style=\"font-weight: 400;\">Importaci\u00f3n de repuestos y accesorios para veh\u00edculos desde los principales fabricantes a nivel mundial.<\/span><\/li>\n<li>Transporte de mercanc\u00edas por v\u00eda mar\u00edtima, terrestre y a\u00e9rea a Colombia.<\/li>\n<li>Nacionalizaci\u00f3n, almacenaje, declaraci\u00f3n, pago de impuestos de las mercanc\u00edas.<\/li>\n<li>Transporte en el interior del pa\u00eds hasta nuestra bodega y puntos de distribuci\u00f3n.<\/li>\n<li>Alistamiento de mercanc\u00edas y pedidos para nuestros clientes.<\/li>\n<li>Comercializaci\u00f3n, log\u00edstica, distribuci\u00f3n y transporte a nuestros clientes.<\/li>\n<li>Asesor\u00eda, acompa\u00f1amiento y consultor\u00eda a nuestros clientes y sus negocios en los sectores que nos especializamos.<\/li>\n<li>Reinversi\u00f3n en mercanc\u00edas con nuestros proveedores.<\/li>\n<\/ol>\n\t\t<\/div>\n\t\t<\/div><\/div><\/div><\/div>\n<\/div>","protected":false},"excerpt":{"rendered":"GRANDES COSAS SUCEDEN CRUZ CAR TRADE Misi\u00f3n Nuestro negocio siempre estar\u00e1 enfocado en satisfacer integralmente toda la cadena de valor,","protected":false},"author":1,"featured_media":0,"parent":0,"menu_order":0,"comment_status":"closed","ping_status":"closed","template":"","meta":{"footnotes":""},"class_list":["post-5212","page","type-page","status-publish","hentry"],"aioseo_notices":[],"_links":{"self":[{"href":"https:\/\/cruzcartrade.com\/en\/wp-json\/wp\/v2\/pages\/5212","targetHints":{"allow":["GET"]}}],"collection":[{"href":"https:\/\/cruzcartrade.com\/en\/wp-json\/wp\/v2\/pages"}],"about":[{"href":"https:\/\/cruzcartrade.com\/en\/wp-json\/wp\/v2\/types\/page"}],"author":[{"embeddable":true,"href":"https:\/\/cruzcartrade.com\/en\/wp-json\/wp\/v2\/users\/1"}],"replies":[{"embeddable":true,"href":"https:\/\/cruzcartrade.com\/en\/wp-json\/wp\/v2\/comments?post=5212"}],"version-history":[{"count":15,"href":"https:\/\/cruzcartrade.com\/en\/wp-json\/wp\/v2\/pages\/5212\/revisions"}],"predecessor-version":[{"id":10891,"href":"https:\/\/cruzcartrade.com\/en\/wp-json\/wp\/v2\/pages\/5212\/revisions\/10891"}],"wp:attachment":[{"href":"https:\/\/cruzcartrade.com\/en\/wp-json\/wp\/v2\/media?parent=5212"}],"curies":[{"name":"wp","href":"https:\/\/api.w.org\/{rel}","templated":true}]}}